{"id":22325,"date":"2025-02-28T18:44:40","date_gmt":"2025-02-28T23:44:40","guid":{"rendered":"https:\/\/weegot.com\/?page_id=22325"},"modified":"2025-03-14T12:20:27","modified_gmt":"2025-03-14T17:20:27","slug":"advertising-policy-can-spam-act","status":"publish","type":"page","link":"https:\/\/weegot.com\/en\/terms-and-conditions\/advertising-policy-can-spam-act\/","title":{"rendered":"Advertising Policy (CAN-SPAM ACT)"},"content":{"rendered":"<div data-elementor-type=\"wp-page\" data-elementor-id=\"22325\" class=\"elementor elementor-22325\" data-elementor-post-type=\"page\">\n\t\t\t\t<div class=\"elementor-element elementor-element-8813a42 e-flex e-con-boxed e-con e-parent\" data-id=\"8813a42\" data-element_type=\"container\" data-e-type=\"container\" data-settings=\"{&quot;background_background&quot;:&quot;classic&quot;}\">\n\t\t\t\t\t<div class=\"e-con-inner\">\n\t\t<div class=\"elementor-element elementor-element-807d04b e-con-full e-flex e-con e-child\" data-id=\"807d04b\" data-element_type=\"container\" data-e-type=\"container\">\n\t\t\t\t<div class=\"elementor-element elementor-element-4a1d928 animated-fast elementor-invisible elementor-widget elementor-widget-elementskit-heading\" data-id=\"4a1d928\" data-element_type=\"widget\" data-e-type=\"widget\" data-settings=\"{&quot;ekit_we_effect_on&quot;:&quot;css&quot;,&quot;_animation&quot;:&quot;fadeIn&quot;,&quot;_animation_delay&quot;:100}\" data-widget_type=\"elementskit-heading.default\">\n\t\t\t\t<div class=\"elementor-widget-container\">\n\t\t\t\t\t<div class=\"ekit-wid-con\" ><div class=\"ekit-heading elementskit-section-title-wraper text_left   ekit_heading_tablet-   ekit_heading_mobile-\"><h1 class=\"ekit-heading--title elementskit-section-title\">Policy <span><span>Advertising<\/span><\/span> (CAN-SPAM ACT)<\/h1>\t\t\t\t<div class='ekit-heading__description'>\n\t\t\t\t\t<p>(Miami, FL - Updated 02\/26\/2025)<\/p>\n\t\t\t\t<\/div>\n\t\t\t<\/div><\/div>\t\t\t\t<\/div>\n\t\t\t\t<\/div>\n\t\t\t\t<\/div>\n\t\t\t\t\t<\/div>\n\t\t\t\t<\/div>\n\t\t<div class=\"elementor-element elementor-element-d346b77 e-flex e-con-boxed e-con e-parent\" data-id=\"d346b77\" data-element_type=\"container\" data-e-type=\"container\">\n\t\t\t\t\t<div class=\"e-con-inner\">\n\t\t<div class=\"elementor-element elementor-element-6624329 e-con-full e-flex e-con e-child\" data-id=\"6624329\" data-element_type=\"container\" data-e-type=\"container\" data-settings=\"{&quot;animation&quot;:&quot;none&quot;}\">\n\t\t<div class=\"elementor-element elementor-element-d8d5d08 e-con-full elementor-hidden-tablet elementor-hidden-mobile e-flex e-con e-child\" data-id=\"d8d5d08\" data-element_type=\"container\" data-e-type=\"container\">\n\t\t<div class=\"elementor-element elementor-element-02892fc e-con-full ekit-sticky--top e-flex e-con e-child\" data-id=\"02892fc\" data-element_type=\"container\" data-e-type=\"container\" data-settings=\"{&quot;ekit_sticky&quot;:&quot;top&quot;,&quot;ekit_sticky_offset&quot;:{&quot;unit&quot;:&quot;px&quot;,&quot;size&quot;:175,&quot;sizes&quot;:[]},&quot;ekit_sticky_until&quot;:&quot;section5&quot;,&quot;ekit_sticky_offset_tablet&quot;:{&quot;unit&quot;:&quot;px&quot;,&quot;size&quot;:&quot;&quot;,&quot;sizes&quot;:[]},&quot;ekit_sticky_offset_mobile&quot;:{&quot;unit&quot;:&quot;px&quot;,&quot;size&quot;:&quot;&quot;,&quot;sizes&quot;:[]},&quot;ekit_sticky_on_desktop&quot;:&quot;desktop&quot;,&quot;ekit_sticky_effect_offset&quot;:{&quot;unit&quot;:&quot;px&quot;,&quot;size&quot;:0,&quot;sizes&quot;:[]},&quot;ekit_sticky_effect_offset_tablet&quot;:{&quot;unit&quot;:&quot;px&quot;,&quot;size&quot;:&quot;&quot;,&quot;sizes&quot;:[]},&quot;ekit_sticky_effect_offset_mobile&quot;:{&quot;unit&quot;:&quot;px&quot;,&quot;size&quot;:&quot;&quot;,&quot;sizes&quot;:[]}}\">\n\t\t\t\t<div class=\"elementor-element elementor-element-a46e281 elementor-widget elementor-widget-elementskit-heading\" data-id=\"a46e281\" data-element_type=\"widget\" data-e-type=\"widget\" data-settings=\"{&quot;ekit_we_effect_on&quot;:&quot;none&quot;}\" data-widget_type=\"elementskit-heading.default\">\n\t\t\t\t<div class=\"elementor-widget-container\">\n\t\t\t\t\t<div class=\"ekit-wid-con\" ><div class=\"ekit-heading elementskit-section-title-wraper text_left   ekit_heading_tablet-   ekit_heading_mobile-\"><a href=\"https:\/\/weegot.com\/en\/terms-and-conditions\/\"><h2 class=\"ekit-heading--title elementskit-section-title\">Back to terms and <span><span>conditions<\/span><\/span><\/h2><\/a><div class=\"ekit_heading_separetor_wraper ekit_heading_elementskit-border-divider elementskit-style-long\"><div class=\"elementskit-border-divider elementskit-style-long\"><\/div><\/div><\/div><\/div>\t\t\t\t<\/div>\n\t\t\t\t<\/div>\n\t\t\t\t<\/div>\n\t\t\t\t<\/div>\n\t\t<div class=\"elementor-element elementor-element-6ce7e36 e-con-full e-flex e-con e-child\" data-id=\"6ce7e36\" data-element_type=\"container\" data-e-type=\"container\">\n\t\t<div class=\"elementor-element elementor-element-8c94658 e-con-full sticky-section e-flex e-con e-child\" data-id=\"8c94658\" data-element_type=\"container\" data-e-type=\"container\" id=\"section1\">\n\t\t<div class=\"elementor-element elementor-element-aba1b9a e-con-full e-flex e-con e-child\" data-id=\"aba1b9a\" data-element_type=\"container\" data-e-type=\"container\">\n\t\t\t\t<div class=\"elementor-element elementor-element-7820acd animated-fast elementor-invisible elementor-widget elementor-widget-elementskit-heading\" data-id=\"7820acd\" data-element_type=\"widget\" data-e-type=\"widget\" data-settings=\"{&quot;ekit_we_effect_on&quot;:&quot;css&quot;,&quot;_animation&quot;:&quot;fadeIn&quot;,&quot;_animation_delay&quot;:100}\" data-widget_type=\"elementskit-heading.default\">\n\t\t\t\t<div class=\"elementor-widget-container\">\n\t\t\t\t\t<div class=\"ekit-wid-con\" ><div class=\"ekit-heading elementskit-section-title-wraper text_left   ekit_heading_tablet-   ekit_heading_mobile-\"><h2 class=\"ekit-heading--title elementskit-section-title\">1. <span><span>Principles<\/span><\/span> of our campaigns<\/h2><\/div><\/div>\t\t\t\t<\/div>\n\t\t\t\t<\/div>\n\t\t\t\t<\/div>\n\t\t<div class=\"elementor-element elementor-element-dbd36a0 e-con-full e-flex e-con e-child\" data-id=\"dbd36a0\" data-element_type=\"container\" data-e-type=\"container\">\n\t\t\t\t<div class=\"elementor-element elementor-element-b4a2fe3 animated-fast elementor-invisible elementor-widget elementor-widget-text-editor\" data-id=\"b4a2fe3\" data-element_type=\"widget\" data-e-type=\"widget\" data-settings=\"{&quot;_animation&quot;:&quot;fadeIn&quot;,&quot;_animation_delay&quot;:100,&quot;ekit_we_effect_on&quot;:&quot;none&quot;}\" data-widget_type=\"text-editor.default\">\n\t\t\t\t<div class=\"elementor-widget-container\">\n\t\t\t\t\t\t\t\t\t<ul><li><strong>Transparency<\/strong>: We will never use misleading titles (e.g. \"You win a free car!\").<\/li><li><strong>Clear identification<\/strong>: All mailings will include:<ul><li>Physical name of Weegot Autos.<\/li><li>Address: 8400 NW 33rd St Suite 310, Doral, FL 33122<\/li><li>Unsubscribe\" link in each email.<\/li><\/ul><\/li><\/ul><ul><li style=\"list-style-type: none;\">\u00a0<\/li><\/ul>\t\t\t\t\t\t\t\t<\/div>\n\t\t\t\t<\/div>\n\t\t\t\t<\/div>\n\t\t\t\t<\/div>\n\t\t<div class=\"elementor-element elementor-element-e2c6e91 e-con-full sticky-section e-flex e-con e-child\" data-id=\"e2c6e91\" data-element_type=\"container\" data-e-type=\"container\" id=\"section2\">\n\t\t<div class=\"elementor-element elementor-element-cbdfa53 e-con-full e-flex e-con e-child\" data-id=\"cbdfa53\" data-element_type=\"container\" data-e-type=\"container\">\n\t\t\t\t<div class=\"elementor-element elementor-element-2981580 elementor-widget elementor-widget-spacer\" data-id=\"2981580\" data-element_type=\"widget\" data-e-type=\"widget\" data-settings=\"{&quot;ekit_we_effect_on&quot;:&quot;none&quot;}\" data-widget_type=\"spacer.default\">\n\t\t\t\t<div class=\"elementor-widget-container\">\n\t\t\t\t\t\t\t<div class=\"elementor-spacer\">\n\t\t\t<div class=\"elementor-spacer-inner\"><\/div>\n\t\t<\/div>\n\t\t\t\t\t\t<\/div>\n\t\t\t\t<\/div>\n\t\t\t\t<div class=\"elementor-element elementor-element-150d7a2 animated-fast elementor-invisible elementor-widget elementor-widget-elementskit-heading\" data-id=\"150d7a2\" data-element_type=\"widget\" data-e-type=\"widget\" data-settings=\"{&quot;ekit_we_effect_on&quot;:&quot;css&quot;,&quot;_animation&quot;:&quot;fadeIn&quot;,&quot;_animation_delay&quot;:100}\" data-widget_type=\"elementskit-heading.default\">\n\t\t\t\t<div class=\"elementor-widget-container\">\n\t\t\t\t\t<div class=\"ekit-wid-con\" ><div class=\"ekit-heading elementskit-section-title-wraper text_left   ekit_heading_tablet-   ekit_heading_mobile-\"><h2 class=\"ekit-heading--title elementskit-section-title\">2. <span><span>Options<\/span><\/span> of the user<\/h2><\/div><\/div>\t\t\t\t<\/div>\n\t\t\t\t<\/div>\n\t\t\t\t<\/div>\n\t\t<div class=\"elementor-element elementor-element-85f0133 e-con-full e-flex e-con e-child\" data-id=\"85f0133\" data-element_type=\"container\" data-e-type=\"container\">\n\t\t\t\t<div class=\"elementor-element elementor-element-17abd3c animated-fast elementor-invisible elementor-widget elementor-widget-text-editor\" data-id=\"17abd3c\" data-element_type=\"widget\" data-e-type=\"widget\" data-settings=\"{&quot;_animation&quot;:&quot;fadeIn&quot;,&quot;_animation_delay&quot;:100,&quot;ekit_we_effect_on&quot;:&quot;none&quot;}\" data-widget_type=\"text-editor.default\">\n\t\t\t\t<div class=\"elementor-widget-container\">\n\t\t\t\t\t\t\t\t\t<ul><li><strong>Unsubscribe<\/strong>: Click on the \"Unsubscribe\" link in any promotional email.<\/li><li><strong>Processing time<\/strong>10 business days to remove your email from our lists.<\/li><\/ul>\t\t\t\t\t\t\t\t<\/div>\n\t\t\t\t<\/div>\n\t\t\t\t<\/div>\n\t\t\t\t<\/div>\n\t\t<div class=\"elementor-element elementor-element-a7e5796 e-con-full sticky-section e-flex e-con e-child\" data-id=\"a7e5796\" data-element_type=\"container\" data-e-type=\"container\" id=\"section3\">\n\t\t<div class=\"elementor-element elementor-element-161c847 e-con-full e-flex e-con e-child\" data-id=\"161c847\" data-element_type=\"container\" data-e-type=\"container\">\n\t\t\t\t<div class=\"elementor-element elementor-element-9d3c685 elementor-widget elementor-widget-spacer\" data-id=\"9d3c685\" data-element_type=\"widget\" data-e-type=\"widget\" data-settings=\"{&quot;ekit_we_effect_on&quot;:&quot;none&quot;}\" data-widget_type=\"spacer.default\">\n\t\t\t\t<div class=\"elementor-widget-container\">\n\t\t\t\t\t\t\t<div class=\"elementor-spacer\">\n\t\t\t<div class=\"elementor-spacer-inner\"><\/div>\n\t\t<\/div>\n\t\t\t\t\t\t<\/div>\n\t\t\t\t<\/div>\n\t\t\t\t<div class=\"elementor-element elementor-element-97750cc animated-fast elementor-invisible elementor-widget elementor-widget-elementskit-heading\" data-id=\"97750cc\" data-element_type=\"widget\" data-e-type=\"widget\" data-settings=\"{&quot;ekit_we_effect_on&quot;:&quot;css&quot;,&quot;_animation&quot;:&quot;fadeIn&quot;,&quot;_animation_delay&quot;:100}\" data-widget_type=\"elementskit-heading.default\">\n\t\t\t\t<div class=\"elementor-widget-container\">\n\t\t\t\t\t<div class=\"ekit-wid-con\" ><div class=\"ekit-heading elementskit-section-title-wraper text_left   ekit_heading_tablet-   ekit_heading_mobile-\"><h2 class=\"ekit-heading--title elementskit-section-title\">3. <span><span>Prohibitions<\/span><\/span><\/h2><\/div><\/div>\t\t\t\t<\/div>\n\t\t\t\t<\/div>\n\t\t\t\t<\/div>\n\t\t<div class=\"elementor-element elementor-element-fc2413c e-con-full e-flex e-con e-child\" data-id=\"fc2413c\" data-element_type=\"container\" data-e-type=\"container\">\n\t\t\t\t<div class=\"elementor-element elementor-element-abb6a5a animated-fast elementor-invisible elementor-widget elementor-widget-text-editor\" data-id=\"abb6a5a\" data-element_type=\"widget\" data-e-type=\"widget\" data-settings=\"{&quot;_animation&quot;:&quot;fadeIn&quot;,&quot;_animation_delay&quot;:100,&quot;ekit_we_effect_on&quot;:&quot;none&quot;}\" data-widget_type=\"text-editor.default\">\n\t\t\t\t<div class=\"elementor-widget-container\">\n\t\t\t\t\t\t\t\t\t<ul><li><strong>False information<\/strong>We do not manipulate prices, interest rates or car availability.<\/li><li><strong>Identity theft<\/strong>We will never use domains similar to financial entities or dealers.<\/li><\/ul>\t\t\t\t\t\t\t\t<\/div>\n\t\t\t\t<\/div>\n\t\t\t\t<\/div>\n\t\t\t\t<\/div>\n\t\t<div class=\"elementor-element elementor-element-ad0e57f e-con-full sticky-section e-flex e-con e-child\" data-id=\"ad0e57f\" data-element_type=\"container\" data-e-type=\"container\" id=\"section4\">\n\t\t<div class=\"elementor-element elementor-element-5d6a3eb e-con-full e-flex e-con e-child\" data-id=\"5d6a3eb\" data-element_type=\"container\" data-e-type=\"container\">\n\t\t\t\t<div class=\"elementor-element elementor-element-a29f4aa elementor-widget elementor-widget-spacer\" data-id=\"a29f4aa\" data-element_type=\"widget\" data-e-type=\"widget\" data-settings=\"{&quot;ekit_we_effect_on&quot;:&quot;none&quot;}\" data-widget_type=\"spacer.default\">\n\t\t\t\t<div class=\"elementor-widget-container\">\n\t\t\t\t\t\t\t<div class=\"elementor-spacer\">\n\t\t\t<div class=\"elementor-spacer-inner\"><\/div>\n\t\t<\/div>\n\t\t\t\t\t\t<\/div>\n\t\t\t\t<\/div>\n\t\t\t\t<div class=\"elementor-element elementor-element-cbb5edb animated-fast elementor-invisible elementor-widget elementor-widget-elementskit-heading\" data-id=\"cbb5edb\" data-element_type=\"widget\" data-e-type=\"widget\" data-settings=\"{&quot;ekit_we_effect_on&quot;:&quot;css&quot;,&quot;_animation&quot;:&quot;fadeIn&quot;,&quot;_animation_delay&quot;:100}\" data-widget_type=\"elementskit-heading.default\">\n\t\t\t\t<div class=\"elementor-widget-container\">\n\t\t\t\t\t<div class=\"ekit-wid-con\" ><div class=\"ekit-heading elementskit-section-title-wraper text_left   ekit_heading_tablet-   ekit_heading_mobile-\"><h2 class=\"ekit-heading--title elementskit-section-title\">4. Sanctions <span><span>internal<\/span><\/span><\/h2><\/div><\/div>\t\t\t\t<\/div>\n\t\t\t\t<\/div>\n\t\t\t\t<\/div>\n\t\t<div class=\"elementor-element elementor-element-05174e6 e-con-full e-flex e-con e-child\" data-id=\"05174e6\" data-element_type=\"container\" data-e-type=\"container\">\n\t\t\t\t<div class=\"elementor-element elementor-element-b19d6a4 animated-fast elementor-invisible elementor-widget elementor-widget-text-editor\" data-id=\"b19d6a4\" data-element_type=\"widget\" data-e-type=\"widget\" data-settings=\"{&quot;_animation&quot;:&quot;fadeIn&quot;,&quot;_animation_delay&quot;:100,&quot;ekit_we_effect_on&quot;:&quot;none&quot;}\" data-widget_type=\"text-editor.default\">\n\t\t\t\t<div class=\"elementor-widget-container\">\n\t\t\t\t\t\t\t\t\t<ul><li><strong>Trained team<\/strong>All employees receive annual training on the CAN-SPAM Act.<\/li><li><strong>Monitoring<\/strong>We use tools such as\u00a0<strong>Mailchimp<\/strong>\u00a0to audit compliance.<\/li><\/ul>\t\t\t\t\t\t\t\t<\/div>\n\t\t\t\t<\/div>\n\t\t\t\t<\/div>\n\t\t\t\t<\/div>\n\t\t<div class=\"elementor-element elementor-element-177b3ca e-con-full sticky-section e-flex e-con e-child\" data-id=\"177b3ca\" data-element_type=\"container\" data-e-type=\"container\">\n\t\t<div class=\"elementor-element elementor-element-1de3006 e-con-full e-flex e-con e-child\" data-id=\"1de3006\" data-element_type=\"container\" data-e-type=\"container\">\n\t\t\t\t<div class=\"elementor-element elementor-element-6ae9fcc elementor-widget elementor-widget-spacer\" data-id=\"6ae9fcc\" data-element_type=\"widget\" data-e-type=\"widget\" data-settings=\"{&quot;ekit_we_effect_on&quot;:&quot;none&quot;}\" data-widget_type=\"spacer.default\">\n\t\t\t\t<div class=\"elementor-widget-container\">\n\t\t\t\t\t\t\t<div class=\"elementor-spacer\">\n\t\t\t<div class=\"elementor-spacer-inner\"><\/div>\n\t\t<\/div>\n\t\t\t\t\t\t<\/div>\n\t\t\t\t<\/div>\n\t\t\t\t<div class=\"elementor-element elementor-element-4c2bac6 animated-fast elementor-invisible elementor-widget elementor-widget-elementskit-heading\" data-id=\"4c2bac6\" data-element_type=\"widget\" data-e-type=\"widget\" data-settings=\"{&quot;ekit_we_effect_on&quot;:&quot;css&quot;,&quot;_animation&quot;:&quot;fadeIn&quot;,&quot;_animation_delay&quot;:100}\" data-widget_type=\"elementskit-heading.default\">\n\t\t\t\t<div class=\"elementor-widget-container\">\n\t\t\t\t\t<div class=\"ekit-wid-con\" ><div class=\"ekit-heading elementskit-section-title-wraper text_left   ekit_heading_tablet-   ekit_heading_mobile-\"><h2 class=\"ekit-heading--title elementskit-section-title\"><span><span>Contact<\/span><\/span><\/h2><\/div><\/div>\t\t\t\t<\/div>\n\t\t\t\t<\/div>\n\t\t\t\t<\/div>\n\t\t<div class=\"elementor-element elementor-element-3e62a00 e-con-full e-flex e-con e-child\" data-id=\"3e62a00\" data-element_type=\"container\" data-e-type=\"container\">\n\t\t\t\t<div class=\"elementor-element elementor-element-8cb87d6 animated-fast elementor-invisible elementor-widget elementor-widget-text-editor\" data-id=\"8cb87d6\" data-element_type=\"widget\" data-e-type=\"widget\" data-settings=\"{&quot;_animation&quot;:&quot;fadeIn&quot;,&quot;_animation_delay&quot;:100,&quot;ekit_we_effect_on&quot;:&quot;none&quot;}\" data-widget_type=\"text-editor.default\">\n\t\t\t\t<div class=\"elementor-widget-container\">\n\t\t\t\t\t\t\t\t\t<p>To report abuse:\u00a0<a href=\"mailto:ayuda@weegot.com\"><strong>help<\/strong><strong>@weegot.com<\/strong><\/a>.<\/p>\t\t\t\t\t\t\t\t<\/div>\n\t\t\t\t<\/div>\n\t\t\t\t<\/div>\n\t\t\t\t<\/div>\n\t\t\t\t<\/div>\n\t\t\t\t<\/div>\n\t\t\t\t\t<\/div>\n\t\t\t\t<\/div>\n\t\t\t\t<\/div>","protected":false},"excerpt":{"rendered":"<p>Pol\u00edtica de Publicidad (CAN-SPAM ACT) (Miami, FL &#8211; Actualizado al 26\/02\/2025) Volver a t\u00e9rminos y condiciones 1. Principios de nuestras campa\u00f1as Transparencia: Nunca usaremos t\u00edtulos enga\u00f1osos (ej: &#8220;\u00a1Ganaste un auto gratis!&#8221;). Identificaci\u00f3n clara: Todos los correos incluir\u00e1n: Nombre f\u00edsico de Weegot Autos. Direcci\u00f3n: 8400 NW 33rd St Suite 310, Doral, FL 33122 Enlace de &#8220;darse [&hellip;]<\/p>\n","protected":false},"author":1,"featured_media":0,"parent":22540,"menu_order":0,"comment_status":"closed","ping_status":"closed","template":"","meta":{"footnotes":""},"class_list":["post-22325","page","type-page","status-publish","hentry"],"yoast_head":"<!-- This site is optimized with the Yoast SEO Premium plugin v24.4 (Yoast SEO v27.6) - https:\/\/yoast.com\/product\/yoast-seo-premium-wordpress\/ -->\n<title>Pol\u00edtica de Publicidad (CAN-SPAM ACT) - Weegot<\/title>\n<meta name=\"robots\" content=\"index, follow, max-snippet:-1, max-image-preview:large, max-video-preview:-1\" \/>\n<link rel=\"canonical\" href=\"https:\/\/weegot.com\/en\/terms-and-conditions\/advertising-policy-can-spam-act\/\" \/>\n<meta property=\"og:locale\" content=\"en_US\" \/>\n<meta property=\"og:type\" content=\"article\" \/>\n<meta property=\"og:title\" content=\"Pol\u00edtica de Publicidad (CAN-SPAM ACT)\" \/>\n<meta property=\"og:description\" content=\"Pol\u00edtica de Publicidad (CAN-SPAM ACT) (Miami, FL &#8211; Actualizado al 26\/02\/2025) Volver a t\u00e9rminos y condiciones 1. Principios de nuestras campa\u00f1as Transparencia: Nunca usaremos t\u00edtulos enga\u00f1osos (ej: &#8220;\u00a1Ganaste un auto gratis!&#8221;). Identificaci\u00f3n clara: Todos los correos incluir\u00e1n: Nombre f\u00edsico de Weegot Autos. Direcci\u00f3n: 8400 NW 33rd St Suite 310, Doral, FL 33122 Enlace de &#8220;darse [&hellip;]\" \/>\n<meta property=\"og:url\" content=\"https:\/\/weegot.com\/en\/terms-and-conditions\/advertising-policy-can-spam-act\/\" \/>\n<meta property=\"og:site_name\" content=\"Weegot\" \/>\n<meta property=\"article:modified_time\" content=\"2025-03-14T17:20:27+00:00\" \/>\n<meta name=\"twitter:card\" content=\"summary_large_image\" \/>\n<meta name=\"twitter:label1\" content=\"Est. reading time\" \/>\n\t<meta name=\"twitter:data1\" content=\"1 minute\" \/>\n<script type=\"application\/ld+json\" class=\"yoast-schema-graph\">{\"@context\":\"https:\\\/\\\/schema.org\",\"@graph\":[{\"@type\":\"WebPage\",\"@id\":\"https:\\\/\\\/weegot.com\\\/terminos-y-condiciones\\\/politica-de-publicidad-can-spam-act\\\/\",\"url\":\"https:\\\/\\\/weegot.com\\\/terminos-y-condiciones\\\/politica-de-publicidad-can-spam-act\\\/\",\"name\":\"Pol\u00edtica de Publicidad (CAN-SPAM ACT) - Weegot\",\"isPartOf\":{\"@id\":\"https:\\\/\\\/weegot.com\\\/#website\"},\"datePublished\":\"2025-02-28T23:44:40+00:00\",\"dateModified\":\"2025-03-14T17:20:27+00:00\",\"breadcrumb\":{\"@id\":\"https:\\\/\\\/weegot.com\\\/terminos-y-condiciones\\\/politica-de-publicidad-can-spam-act\\\/#breadcrumb\"},\"inLanguage\":\"en-US\",\"potentialAction\":[{\"@type\":\"ReadAction\",\"target\":[\"https:\\\/\\\/weegot.com\\\/terminos-y-condiciones\\\/politica-de-publicidad-can-spam-act\\\/\"]}]},{\"@type\":\"BreadcrumbList\",\"@id\":\"https:\\\/\\\/weegot.com\\\/terminos-y-condiciones\\\/politica-de-publicidad-can-spam-act\\\/#breadcrumb\",\"itemListElement\":[{\"@type\":\"ListItem\",\"position\":1,\"name\":\"Portada\",\"item\":\"https:\\\/\\\/weegot.com\\\/\"},{\"@type\":\"ListItem\",\"position\":2,\"name\":\"T\u00e9rminos y condiciones\",\"item\":\"https:\\\/\\\/weegot.com\\\/terminos-y-condiciones\\\/\"},{\"@type\":\"ListItem\",\"position\":3,\"name\":\"Pol\u00edtica de Publicidad (CAN-SPAM ACT)\"}]},{\"@type\":\"WebSite\",\"@id\":\"https:\\\/\\\/weegot.com\\\/#website\",\"url\":\"https:\\\/\\\/weegot.com\\\/\",\"name\":\"Weegot\",\"description\":\"\",\"potentialAction\":[{\"@type\":\"SearchAction\",\"target\":{\"@type\":\"EntryPoint\",\"urlTemplate\":\"https:\\\/\\\/weegot.com\\\/?s={search_term_string}\"},\"query-input\":{\"@type\":\"PropertyValueSpecification\",\"valueRequired\":true,\"valueName\":\"search_term_string\"}}],\"inLanguage\":\"en-US\"}]}<\/script>\n<!-- \/ Yoast SEO Premium plugin. -->","yoast_head_json":{"title":"Advertising Policy (CAN-SPAM ACT) - Weegot","robots":{"index":"index","follow":"follow","max-snippet":"max-snippet:-1","max-image-preview":"max-image-preview:large","max-video-preview":"max-video-preview:-1"},"canonical":"https:\/\/weegot.com\/en\/terms-and-conditions\/advertising-policy-can-spam-act\/","og_locale":"en_US","og_type":"article","og_title":"Pol\u00edtica de Publicidad (CAN-SPAM ACT)","og_description":"Pol\u00edtica de Publicidad (CAN-SPAM ACT) (Miami, FL &#8211; Actualizado al 26\/02\/2025) Volver a t\u00e9rminos y condiciones 1. Principios de nuestras campa\u00f1as Transparencia: Nunca usaremos t\u00edtulos enga\u00f1osos (ej: &#8220;\u00a1Ganaste un auto gratis!&#8221;). Identificaci\u00f3n clara: Todos los correos incluir\u00e1n: Nombre f\u00edsico de Weegot Autos. Direcci\u00f3n: 8400 NW 33rd St Suite 310, Doral, FL 33122 Enlace de &#8220;darse [&hellip;]","og_url":"https:\/\/weegot.com\/en\/terms-and-conditions\/advertising-policy-can-spam-act\/","og_site_name":"Weegot","article_modified_time":"2025-03-14T17:20:27+00:00","twitter_card":"summary_large_image","twitter_misc":{"Est. reading time":"1 minute"},"schema":{"@context":"https:\/\/schema.org","@graph":[{"@type":"WebPage","@id":"https:\/\/weegot.com\/terminos-y-condiciones\/politica-de-publicidad-can-spam-act\/","url":"https:\/\/weegot.com\/terminos-y-condiciones\/politica-de-publicidad-can-spam-act\/","name":"Advertising Policy (CAN-SPAM ACT) - Weegot","isPartOf":{"@id":"https:\/\/weegot.com\/#website"},"datePublished":"2025-02-28T23:44:40+00:00","dateModified":"2025-03-14T17:20:27+00:00","breadcrumb":{"@id":"https:\/\/weegot.com\/terminos-y-condiciones\/politica-de-publicidad-can-spam-act\/#breadcrumb"},"inLanguage":"en-US","potentialAction":[{"@type":"ReadAction","target":["https:\/\/weegot.com\/terminos-y-condiciones\/politica-de-publicidad-can-spam-act\/"]}]},{"@type":"BreadcrumbList","@id":"https:\/\/weegot.com\/terminos-y-condiciones\/politica-de-publicidad-can-spam-act\/#breadcrumb","itemListElement":[{"@type":"ListItem","position":1,"name":"Portada","item":"https:\/\/weegot.com\/"},{"@type":"ListItem","position":2,"name":"T\u00e9rminos y condiciones","item":"https:\/\/weegot.com\/terminos-y-condiciones\/"},{"@type":"ListItem","position":3,"name":"Pol\u00edtica de Publicidad (CAN-SPAM ACT)"}]},{"@type":"WebSite","@id":"https:\/\/weegot.com\/#website","url":"https:\/\/weegot.com\/","name":"Weegot","description":"","potentialAction":[{"@type":"SearchAction","target":{"@type":"EntryPoint","urlTemplate":"https:\/\/weegot.com\/?s={search_term_string}"},"query-input":{"@type":"PropertyValueSpecification","valueRequired":true,"valueName":"search_term_string"}}],"inLanguage":"en-US"}]}},"_links":{"self":[{"href":"https:\/\/weegot.com\/en\/wp-json\/wp\/v2\/pages\/22325","targetHints":{"allow":["GET"]}}],"collection":[{"href":"https:\/\/weegot.com\/en\/wp-json\/wp\/v2\/pages"}],"about":[{"href":"https:\/\/weegot.com\/en\/wp-json\/wp\/v2\/types\/page"}],"author":[{"embeddable":true,"href":"https:\/\/weegot.com\/en\/wp-json\/wp\/v2\/users\/1"}],"replies":[{"embeddable":true,"href":"https:\/\/weegot.com\/en\/wp-json\/wp\/v2\/comments?post=22325"}],"version-history":[{"count":17,"href":"https:\/\/weegot.com\/en\/wp-json\/wp\/v2\/pages\/22325\/revisions"}],"predecessor-version":[{"id":22661,"href":"https:\/\/weegot.com\/en\/wp-json\/wp\/v2\/pages\/22325\/revisions\/22661"}],"up":[{"embeddable":true,"href":"https:\/\/weegot.com\/en\/wp-json\/wp\/v2\/pages\/22540"}],"wp:attachment":[{"href":"https:\/\/weegot.com\/en\/wp-json\/wp\/v2\/media?parent=22325"}],"curies":[{"name":"wp","href":"https:\/\/api.w.org\/{rel}","templated":true}]}}