{"id":22540,"date":"2025-03-05T13:57:06","date_gmt":"2025-03-05T18:57:06","guid":{"rendered":"https:\/\/weegot.com\/?page_id=22540"},"modified":"2025-03-05T18:19:26","modified_gmt":"2025-03-05T23:19:26","slug":"terms-and-conditions","status":"publish","type":"page","link":"https:\/\/weegot.com\/en\/terms-and-conditions\/","title":{"rendered":"Terms and Conditions"},"content":{"rendered":"<div data-elementor-type=\"wp-page\" data-elementor-id=\"22540\" class=\"elementor elementor-22540\" data-elementor-post-type=\"page\">\n\t\t\t\t<div class=\"elementor-element elementor-element-8813a42 e-flex e-con-boxed e-con e-parent\" data-id=\"8813a42\" data-element_type=\"container\" data-e-type=\"container\" data-settings=\"{&quot;background_background&quot;:&quot;classic&quot;}\">\n\t\t\t\t\t<div class=\"e-con-inner\">\n\t\t<div class=\"elementor-element elementor-element-807d04b e-con-full e-flex e-con e-child\" data-id=\"807d04b\" data-element_type=\"container\" data-e-type=\"container\">\n\t\t\t\t<div class=\"elementor-element elementor-element-4a1d928 animated-fast elementor-invisible elementor-widget elementor-widget-elementskit-heading\" data-id=\"4a1d928\" data-element_type=\"widget\" data-e-type=\"widget\" data-settings=\"{&quot;ekit_we_effect_on&quot;:&quot;css&quot;,&quot;_animation&quot;:&quot;fadeIn&quot;,&quot;_animation_delay&quot;:100}\" data-widget_type=\"elementskit-heading.default\">\n\t\t\t\t<div class=\"elementor-widget-container\">\n\t\t\t\t\t<div class=\"ekit-wid-con\" ><div class=\"ekit-heading elementskit-section-title-wraper text_left   ekit_heading_tablet-   ekit_heading_mobile-\"><h1 class=\"ekit-heading--title elementskit-section-title\">Terms and <span><span>Conditions<\/span><\/span> <\/h1><\/div><\/div>\t\t\t\t<\/div>\n\t\t\t\t<\/div>\n\t\t\t\t<\/div>\n\t\t\t\t\t<\/div>\n\t\t\t\t<\/div>\n\t\t<div class=\"elementor-element elementor-element-2ecbb1a e-flex e-con-boxed e-con e-parent\" data-id=\"2ecbb1a\" data-element_type=\"container\" data-e-type=\"container\" data-settings=\"{&quot;animation&quot;:&quot;none&quot;}\">\n\t\t\t\t\t<div class=\"e-con-inner\">\n\t\t<div class=\"elementor-element elementor-element-f3fca5f e-con-full e-flex e-con e-child\" data-id=\"f3fca5f\" data-element_type=\"container\" data-e-type=\"container\">\n\t\t<div class=\"elementor-element elementor-element-8c94658 e-con-full sticky-section e-flex e-con e-child\" data-id=\"8c94658\" data-element_type=\"container\" data-e-type=\"container\" id=\"section1\">\n\t\t<div class=\"elementor-element elementor-element-aba1b9a e-con-full e-flex e-con e-child\" data-id=\"aba1b9a\" data-element_type=\"container\" data-e-type=\"container\">\n\t\t\t\t<div class=\"elementor-element elementor-element-92f4ab5 elementor-widget elementor-widget-elementskit-page-list\" data-id=\"92f4ab5\" data-element_type=\"widget\" data-e-type=\"widget\" data-settings=\"{&quot;ekit_we_effect_on&quot;:&quot;none&quot;}\" data-widget_type=\"elementskit-page-list.default\">\n\t\t\t\t<div class=\"elementor-widget-container\">\n\t\t\t\t\t<div class=\"ekit-wid-con\" >\t\t<div class=\"elementor-icon-list-items\">\n\t\t\t\t\t\t\t<div class=\"elementor-icon-list-item\">\n\t\t\t\t\t\t<a class=\"elementor-repeater-item-b29dd79 ekit_badge_left\" href=\"https:\/\/weegot.com\/en\/terms-and-conditions\/terms-and-conditions-of-weegot-autos\/\">\n\t\t\t\t\t\t\t<div class=\"ekit_page_list_content\">\n\t\t\t\t\t\t\t\t\t\t\t\t\t\t\t\t<span class=\"elementor-icon-list-text\">\n\t\t\t\t\t\t\t\t\t<span class=\"ekit_page_list_title_title\">Weegot Autos Terms and Conditions<\/span>\n\t\t\t\t\t\t\t\t\t\t\t\t\t\t\t\t\t<\/span>\n\t\t\t\t\t\t\t<\/div>\n\t\t\t\t\t\t\t\t\t\t\t\t\t<\/a>\n\t\t\t\t\t<\/div>\n\t\t\t\t\t\t\t\t<div class=\"elementor-icon-list-item\">\n\t\t\t\t\t\t<a class=\"elementor-repeater-item-697e8eb ekit_badge_left\" href=\"https:\/\/weegot.com\/en\/terms-and-conditions\/friendly-terms-and-conditions-of-weegot-autos\/\">\n\t\t\t\t\t\t\t<div class=\"ekit_page_list_content\">\n\t\t\t\t\t\t\t\t\t\t\t\t\t\t\t\t<span class=\"elementor-icon-list-text\">\n\t\t\t\t\t\t\t\t\t<span class=\"ekit_page_list_title_title\">Weegot Autos Friendly Terms and Conditions<\/span>\n\t\t\t\t\t\t\t\t\t\t\t\t\t\t\t\t\t<\/span>\n\t\t\t\t\t\t\t<\/div>\n\t\t\t\t\t\t\t\t\t\t\t\t\t<\/a>\n\t\t\t\t\t<\/div>\n\t\t\t\t\t\t\t\t<div class=\"elementor-icon-list-item\">\n\t\t\t\t\t\t<a class=\"elementor-repeater-item-af71474 ekit_badge_left\" href=\"https:\/\/weegot.com\/en\/terms-and-conditions\/weegot-autos-privacy-policy\/\">\n\t\t\t\t\t\t\t<div class=\"ekit_page_list_content\">\n\t\t\t\t\t\t\t\t\t\t\t\t\t\t\t\t<span class=\"elementor-icon-list-text\">\n\t\t\t\t\t\t\t\t\t<span class=\"ekit_page_list_title_title\">Weegot Autos Privacy Policy<\/span>\n\t\t\t\t\t\t\t\t\t\t\t\t\t\t\t\t\t<\/span>\n\t\t\t\t\t\t\t<\/div>\n\t\t\t\t\t\t\t\t\t\t\t\t\t<\/a>\n\t\t\t\t\t<\/div>\n\t\t\t\t\t\t\t\t<div class=\"elementor-icon-list-item\">\n\t\t\t\t\t\t<a class=\"elementor-repeater-item-1bbe3b3 ekit_badge_left\" href=\"https:\/\/weegot.com\/en\/terms-and-conditions\/weegot-autos-web-site-usage-policy\/\">\n\t\t\t\t\t\t\t<div class=\"ekit_page_list_content\">\n\t\t\t\t\t\t\t\t\t\t\t\t\t\t\t\t<span class=\"elementor-icon-list-text\">\n\t\t\t\t\t\t\t\t\t<span class=\"ekit_page_list_title_title\">Weegot Autos Website Usage Policy<\/span>\n\t\t\t\t\t\t\t\t\t\t\t\t\t\t\t\t\t<\/span>\n\t\t\t\t\t\t\t<\/div>\n\t\t\t\t\t\t\t\t\t\t\t\t\t<\/a>\n\t\t\t\t\t<\/div>\n\t\t\t\t\t\t\t\t<div class=\"elementor-icon-list-item\">\n\t\t\t\t\t\t<a class=\"elementor-repeater-item-553ec8a ekit_badge_left\" href=\"https:\/\/weegot.com\/en\/terms-and-conditions\/friendly-web-site-usage-policy\/\">\n\t\t\t\t\t\t\t<div class=\"ekit_page_list_content\">\n\t\t\t\t\t\t\t\t\t\t\t\t\t\t\t\t<span class=\"elementor-icon-list-text\">\n\t\t\t\t\t\t\t\t\t<span class=\"ekit_page_list_title_title\">Web Site Use Policy (friendly)<\/span>\n\t\t\t\t\t\t\t\t\t\t\t\t\t\t\t\t\t<\/span>\n\t\t\t\t\t\t\t<\/div>\n\t\t\t\t\t\t\t\t\t\t\t\t\t<\/a>\n\t\t\t\t\t<\/div>\n\t\t\t\t\t\t\t\t<div class=\"elementor-icon-list-item\">\n\t\t\t\t\t\t<a class=\"elementor-repeater-item-68d5d9b ekit_badge_left\" href=\"https:\/\/weegot.com\/en\/terms-and-conditions\/cookies-policy\/\">\n\t\t\t\t\t\t\t<div class=\"ekit_page_list_content\">\n\t\t\t\t\t\t\t\t\t\t\t\t\t\t\t\t<span class=\"elementor-icon-list-text\">\n\t\t\t\t\t\t\t\t\t<span class=\"ekit_page_list_title_title\">Cookies Policy<\/span>\n\t\t\t\t\t\t\t\t\t\t\t\t\t\t\t\t\t<\/span>\n\t\t\t\t\t\t\t<\/div>\n\t\t\t\t\t\t\t\t\t\t\t\t\t<\/a>\n\t\t\t\t\t<\/div>\n\t\t\t\t\t\t\t\t<div class=\"elementor-icon-list-item\">\n\t\t\t\t\t\t<a class=\"elementor-repeater-item-31be8f9 ekit_badge_left\" href=\"https:\/\/weegot.com\/en\/terms-and-conditions\/weegot-auto-refund-policy\/\">\n\t\t\t\t\t\t\t<div class=\"ekit_page_list_content\">\n\t\t\t\t\t\t\t\t\t\t\t\t\t\t\t\t<span class=\"elementor-icon-list-text\">\n\t\t\t\t\t\t\t\t\t<span class=\"ekit_page_list_title_title\">Weegot Autos Refund Policy <\/span>\n\t\t\t\t\t\t\t\t\t\t\t\t\t\t\t\t\t<\/span>\n\t\t\t\t\t\t\t<\/div>\n\t\t\t\t\t\t\t\t\t\t\t\t\t<\/a>\n\t\t\t\t\t<\/div>\n\t\t\t\t\t\t\t\t<div class=\"elementor-icon-list-item\">\n\t\t\t\t\t\t<a class=\"elementor-repeater-item-b5cfce1 ekit_badge_left\" href=\"https:\/\/weegot.com\/en\/terms-and-conditions\/ada-compliance-accessibility-policy\/\">\n\t\t\t\t\t\t\t<div class=\"ekit_page_list_content\">\n\t\t\t\t\t\t\t\t\t\t\t\t\t\t\t\t<span class=\"elementor-icon-list-text\">\n\t\t\t\t\t\t\t\t\t<span class=\"ekit_page_list_title_title\">Accessibility Policy (ADA COMPLIANCE)<\/span>\n\t\t\t\t\t\t\t\t\t\t\t\t\t\t\t\t\t<\/span>\n\t\t\t\t\t\t\t<\/div>\n\t\t\t\t\t\t\t\t\t\t\t\t\t<\/a>\n\t\t\t\t\t<\/div>\n\t\t\t\t\t\t\t\t<div class=\"elementor-icon-list-item\">\n\t\t\t\t\t\t<a class=\"elementor-repeater-item-1a7a8ba ekit_badge_left\" href=\"https:\/\/weegot.com\/en\/terms-and-conditions\/dmca-copyright-policy\/\">\n\t\t\t\t\t\t\t<div class=\"ekit_page_list_content\">\n\t\t\t\t\t\t\t\t\t\t\t\t\t\t\t\t<span class=\"elementor-icon-list-text\">\n\t\t\t\t\t\t\t\t\t<span class=\"ekit_page_list_title_title\">Copyright Policy (DMCA)<\/span>\n\t\t\t\t\t\t\t\t\t\t\t\t\t\t\t\t\t<\/span>\n\t\t\t\t\t\t\t<\/div>\n\t\t\t\t\t\t\t\t\t\t\t\t\t<\/a>\n\t\t\t\t\t<\/div>\n\t\t\t\t\t\t\t\t<div class=\"elementor-icon-list-item\">\n\t\t\t\t\t\t<a class=\"elementor-repeater-item-d9ba165 ekit_badge_left\" href=\"https:\/\/weegot.com\/en\/terms-and-conditions\/advertising-policy-can-spam-act\/\">\n\t\t\t\t\t\t\t<div class=\"ekit_page_list_content\">\n\t\t\t\t\t\t\t\t\t\t\t\t\t\t\t\t<span class=\"elementor-icon-list-text\">\n\t\t\t\t\t\t\t\t\t<span class=\"ekit_page_list_title_title\">Advertising Policy (CAN-SPAM ACT)<\/span>\n\t\t\t\t\t\t\t\t\t\t\t\t\t\t\t\t\t<\/span>\n\t\t\t\t\t\t\t<\/div>\n\t\t\t\t\t\t\t\t\t\t\t\t\t<\/a>\n\t\t\t\t\t<\/div>\n\t\t\t\t\t\t\t\t<div class=\"elementor-icon-list-item\">\n\t\t\t\t\t\t<a class=\"elementor-repeater-item-405dd16 ekit_badge_left\" href=\"https:\/\/weegot.com\/en\/terms-and-conditions\/weegot-auto-data-security-policy\/\">\n\t\t\t\t\t\t\t<div class=\"ekit_page_list_content\">\n\t\t\t\t\t\t\t\t\t\t\t\t\t\t\t\t<span class=\"elementor-icon-list-text\">\n\t\t\t\t\t\t\t\t\t<span class=\"ekit_page_list_title_title\">Weegot Autos Data Security Policy<\/span>\n\t\t\t\t\t\t\t\t\t\t\t\t\t\t\t\t\t<\/span>\n\t\t\t\t\t\t\t<\/div>\n\t\t\t\t\t\t\t\t\t\t\t\t\t<\/a>\n\t\t\t\t\t<\/div>\n\t\t\t\t\t\t<\/div>\n\t\t<\/div>\t\t\t\t<\/div>\n\t\t\t\t<\/div>\n\t\t\t\t<\/div>\n\t\t\t\t<\/div>\n\t\t\t\t<\/div>\n\t\t\t\t\t<\/div>\n\t\t\t\t<\/div>\n\t\t\t\t<\/div>","protected":false},"excerpt":{"rendered":"<p>Terminos y Condiciones T\u00e9rminos y Condiciones de Weegot Autos T\u00e9rminos y Condiciones Amigables de Weegot Autos Pol\u00edtica de Privacidad de Weegot Autos Pol\u00edtica de Uso del Sitio Web Weegot Autos Pol\u00edtica de Uso del Sitio Web (friendly) Pol\u00edtica de Cookies Pol\u00edtica de Reembolsos de Weegot Autos Pol\u00edtica de Accesibilidad (ADA COMPLIANCE) Pol\u00edtica de Derechos de [&hellip;]<\/p>\n","protected":false},"author":1,"featured_media":0,"parent":0,"menu_order":0,"comment_status":"closed","ping_status":"closed","template":"","meta":{"footnotes":""},"class_list":["post-22540","page","type-page","status-publish","hentry"],"yoast_head":"<!-- This site is optimized with the Yoast SEO Premium plugin v24.4 (Yoast SEO v27.6) - https:\/\/yoast.com\/product\/yoast-seo-premium-wordpress\/ -->\n<title>T\u00e9rminos y condiciones - Weegot<\/title>\n<meta name=\"robots\" content=\"index, follow, max-snippet:-1, max-image-preview:large, max-video-preview:-1\" \/>\n<link rel=\"canonical\" href=\"https:\/\/weegot.com\/en\/terms-and-conditions\/\" \/>\n<meta property=\"og:locale\" content=\"en_US\" \/>\n<meta property=\"og:type\" content=\"article\" \/>\n<meta property=\"og:title\" content=\"T\u00e9rminos y condiciones\" \/>\n<meta property=\"og:description\" content=\"Terminos y Condiciones T\u00e9rminos y Condiciones de Weegot Autos T\u00e9rminos y Condiciones Amigables de Weegot Autos Pol\u00edtica de Privacidad de Weegot Autos Pol\u00edtica de Uso del Sitio Web Weegot Autos Pol\u00edtica de Uso del Sitio Web (friendly) Pol\u00edtica de Cookies Pol\u00edtica de Reembolsos de Weegot Autos Pol\u00edtica de Accesibilidad (ADA COMPLIANCE) Pol\u00edtica de Derechos de [&hellip;]\" \/>\n<meta property=\"og:url\" content=\"https:\/\/weegot.com\/en\/terms-and-conditions\/\" \/>\n<meta property=\"og:site_name\" content=\"Weegot\" \/>\n<meta property=\"article:modified_time\" content=\"2025-03-05T23:19:26+00:00\" \/>\n<meta name=\"twitter:card\" content=\"summary_large_image\" \/>\n<meta name=\"twitter:label1\" content=\"Est. reading time\" \/>\n\t<meta name=\"twitter:data1\" content=\"1 minute\" \/>\n<script type=\"application\/ld+json\" class=\"yoast-schema-graph\">{\"@context\":\"https:\\\/\\\/schema.org\",\"@graph\":[{\"@type\":\"WebPage\",\"@id\":\"https:\\\/\\\/weegot.com\\\/terminos-y-condiciones\\\/\",\"url\":\"https:\\\/\\\/weegot.com\\\/terminos-y-condiciones\\\/\",\"name\":\"T\u00e9rminos y condiciones - Weegot\",\"isPartOf\":{\"@id\":\"https:\\\/\\\/weegot.com\\\/#website\"},\"datePublished\":\"2025-03-05T18:57:06+00:00\",\"dateModified\":\"2025-03-05T23:19:26+00:00\",\"breadcrumb\":{\"@id\":\"https:\\\/\\\/weegot.com\\\/terminos-y-condiciones\\\/#breadcrumb\"},\"inLanguage\":\"en-US\",\"potentialAction\":[{\"@type\":\"ReadAction\",\"target\":[\"https:\\\/\\\/weegot.com\\\/terminos-y-condiciones\\\/\"]}]},{\"@type\":\"BreadcrumbList\",\"@id\":\"https:\\\/\\\/weegot.com\\\/terminos-y-condiciones\\\/#breadcrumb\",\"itemListElement\":[{\"@type\":\"ListItem\",\"position\":1,\"name\":\"Portada\",\"item\":\"https:\\\/\\\/weegot.com\\\/\"},{\"@type\":\"ListItem\",\"position\":2,\"name\":\"T\u00e9rminos y condiciones\"}]},{\"@type\":\"WebSite\",\"@id\":\"https:\\\/\\\/weegot.com\\\/#website\",\"url\":\"https:\\\/\\\/weegot.com\\\/\",\"name\":\"Weegot\",\"description\":\"\",\"potentialAction\":[{\"@type\":\"SearchAction\",\"target\":{\"@type\":\"EntryPoint\",\"urlTemplate\":\"https:\\\/\\\/weegot.com\\\/?s={search_term_string}\"},\"query-input\":{\"@type\":\"PropertyValueSpecification\",\"valueRequired\":true,\"valueName\":\"search_term_string\"}}],\"inLanguage\":\"en-US\"}]}<\/script>\n<!-- \/ Yoast SEO Premium plugin. -->","yoast_head_json":{"title":"Terms and Conditions - Weegot","robots":{"index":"index","follow":"follow","max-snippet":"max-snippet:-1","max-image-preview":"max-image-preview:large","max-video-preview":"max-video-preview:-1"},"canonical":"https:\/\/weegot.com\/en\/terms-and-conditions\/","og_locale":"en_US","og_type":"article","og_title":"T\u00e9rminos y condiciones","og_description":"Terminos y Condiciones T\u00e9rminos y Condiciones de Weegot Autos T\u00e9rminos y Condiciones Amigables de Weegot Autos Pol\u00edtica de Privacidad de Weegot Autos Pol\u00edtica de Uso del Sitio Web Weegot Autos Pol\u00edtica de Uso del Sitio Web (friendly) Pol\u00edtica de Cookies Pol\u00edtica de Reembolsos de Weegot Autos Pol\u00edtica de Accesibilidad (ADA COMPLIANCE) Pol\u00edtica de Derechos de [&hellip;]","og_url":"https:\/\/weegot.com\/en\/terms-and-conditions\/","og_site_name":"Weegot","article_modified_time":"2025-03-05T23:19:26+00:00","twitter_card":"summary_large_image","twitter_misc":{"Est. reading time":"1 minute"},"schema":{"@context":"https:\/\/schema.org","@graph":[{"@type":"WebPage","@id":"https:\/\/weegot.com\/terminos-y-condiciones\/","url":"https:\/\/weegot.com\/terminos-y-condiciones\/","name":"Terms and Conditions - Weegot","isPartOf":{"@id":"https:\/\/weegot.com\/#website"},"datePublished":"2025-03-05T18:57:06+00:00","dateModified":"2025-03-05T23:19:26+00:00","breadcrumb":{"@id":"https:\/\/weegot.com\/terminos-y-condiciones\/#breadcrumb"},"inLanguage":"en-US","potentialAction":[{"@type":"ReadAction","target":["https:\/\/weegot.com\/terminos-y-condiciones\/"]}]},{"@type":"BreadcrumbList","@id":"https:\/\/weegot.com\/terminos-y-condiciones\/#breadcrumb","itemListElement":[{"@type":"ListItem","position":1,"name":"Portada","item":"https:\/\/weegot.com\/"},{"@type":"ListItem","position":2,"name":"T\u00e9rminos y condiciones"}]},{"@type":"WebSite","@id":"https:\/\/weegot.com\/#website","url":"https:\/\/weegot.com\/","name":"Weegot","description":"","potentialAction":[{"@type":"SearchAction","target":{"@type":"EntryPoint","urlTemplate":"https:\/\/weegot.com\/?s={search_term_string}"},"query-input":{"@type":"PropertyValueSpecification","valueRequired":true,"valueName":"search_term_string"}}],"inLanguage":"en-US"}]}},"_links":{"self":[{"href":"https:\/\/weegot.com\/en\/wp-json\/wp\/v2\/pages\/22540","targetHints":{"allow":["GET"]}}],"collection":[{"href":"https:\/\/weegot.com\/en\/wp-json\/wp\/v2\/pages"}],"about":[{"href":"https:\/\/weegot.com\/en\/wp-json\/wp\/v2\/types\/page"}],"author":[{"embeddable":true,"href":"https:\/\/weegot.com\/en\/wp-json\/wp\/v2\/users\/1"}],"replies":[{"embeddable":true,"href":"https:\/\/weegot.com\/en\/wp-json\/wp\/v2\/comments?post=22540"}],"version-history":[{"count":12,"href":"https:\/\/weegot.com\/en\/wp-json\/wp\/v2\/pages\/22540\/revisions"}],"predecessor-version":[{"id":22560,"href":"https:\/\/weegot.com\/en\/wp-json\/wp\/v2\/pages\/22540\/revisions\/22560"}],"wp:attachment":[{"href":"https:\/\/weegot.com\/en\/wp-json\/wp\/v2\/media?parent=22540"}],"curies":[{"name":"wp","href":"https:\/\/api.w.org\/{rel}","templated":true}]}}